{"id":2126,"date":"2024-12-28T18:48:50","date_gmt":"2024-12-28T21:48:50","guid":{"rendered":"https:\/\/dedalos.ind.br\/?page_id=2126"},"modified":"2025-08-27T12:46:05","modified_gmt":"2025-08-27T15:46:05","slug":"downloads","status":"publish","type":"page","link":"https:\/\/dedalos.ind.br\/es\/downloads\/","title":{"rendered":"Descargas"},"content":{"rendered":"<div data-elementor-type=\"wp-page\" data-elementor-id=\"2126\" class=\"elementor elementor-2126\" data-elementor-post-type=\"page\">\n\t\t\t\t<div class=\"elementor-element elementor-element-2c183b25 e-flex e-con-boxed e-con e-parent\" data-id=\"2c183b25\" data-element_type=\"container\" data-settings=\"{&quot;background_background&quot;:&quot;slideshow&quot;,&quot;background_slideshow_gallery&quot;:[{&quot;id&quot;:1141,&quot;url&quot;:&quot;https:\\\/\\\/dedalos.ind.br\\\/wp-content\\\/uploads\\\/2024\\\/09\\\/Cam_002_P1_Dedalos_01_Hestia-Eduardo-Robini-da-Silva-copiar.webp&quot;},{&quot;id&quot;:1143,&quot;url&quot;:&quot;https:\\\/\\\/dedalos.ind.br\\\/wp-content\\\/uploads\\\/2024\\\/09\\\/MJ-Elegancia-Sinuosa-Thais-Coll-Pigozzo-copiar.webp&quot;},{&quot;id&quot;:1139,&quot;url&quot;:&quot;https:\\\/\\\/dedalos.ind.br\\\/wp-content\\\/uploads\\\/2024\\\/09\\\/Cam_001_P1_Dedalos_Venus_EF_PS-3-Eduardo-Robini-da-Silva-copiar.webp&quot;},{&quot;id&quot;:1137,&quot;url&quot;:&quot;https:\\\/\\\/dedalos.ind.br\\\/wp-content\\\/uploads\\\/2024\\\/09\\\/Banner-Mesa-de-Centro-Thais-Coll-Pigozzo-copiar.webp&quot;},{&quot;id&quot;:1135,&quot;url&quot;:&quot;https:\\\/\\\/dedalos.ind.br\\\/wp-content\\\/uploads\\\/2024\\\/09\\\/Banner-Aparador-Thais-Coll-Pigozzo-copiar.webp&quot;}],&quot;background_slideshow_slide_duration&quot;:1000,&quot;background_slideshow_transition_duration&quot;:1000,&quot;background_slideshow_loop&quot;:&quot;yes&quot;,&quot;background_slideshow_slide_transition&quot;:&quot;fade&quot;}\">\n\t\t\t\t\t<div class=\"e-con-inner\">\n\t\t\t\t<div class=\"elementor-element elementor-element-e424f8e elementor-widget elementor-widget-heading\" data-id=\"e424f8e\" data-element_type=\"widget\" data-widget_type=\"heading.default\">\n\t\t\t\t<div class=\"elementor-widget-container\">\n\t\t\t\t\t<h2 class=\"elementor-heading-title elementor-size-default\">downloads<\/h2>\t\t\t\t<\/div>\n\t\t\t\t<\/div>\n\t\t\t\t<div class=\"elementor-element elementor-element-cd2bbda elementor-widget elementor-widget-heading\" data-id=\"cd2bbda\" data-element_type=\"widget\" data-widget_type=\"heading.default\">\n\t\t\t\t<div class=\"elementor-widget-container\">\n\t\t\t\t\t<h2 class=\"elementor-heading-title elementor-size-default\">\u00c1REA RESTRITA<\/h2>\t\t\t\t<\/div>\n\t\t\t\t<\/div>\n\t\t\t\t\t<\/div>\n\t\t\t\t<\/div>\n\t\t<div class=\"elementor-element elementor-element-59d68b9 jedv-enabled--yes e-flex e-con-boxed e-con e-parent\" data-id=\"59d68b9\" data-element_type=\"container\">\n\t\t\t\t\t<div class=\"e-con-inner\">\n\t\t<div class=\"elementor-element elementor-element-2a96970 e-con-full e-flex e-con e-child\" data-id=\"2a96970\" data-element_type=\"container\" data-settings=\"{&quot;background_background&quot;:&quot;classic&quot;}\">\n\t\t\t\t<div class=\"elementor-element elementor-element-78f681a elementor-widget elementor-widget-heading\" data-id=\"78f681a\" data-element_type=\"widget\" data-widget_type=\"heading.default\">\n\t\t\t\t<div class=\"elementor-widget-container\">\n\t\t\t\t\t<h2 class=\"elementor-heading-title elementor-size-default\">Login<\/h2>\t\t\t\t<\/div>\n\t\t\t\t<\/div>\n\t\t\t\t<div class=\"elementor-element elementor-element-343ad2c elementor-button-align-end elementor-widget elementor-widget-login\" data-id=\"343ad2c\" data-element_type=\"widget\" data-widget_type=\"login.default\">\n\t\t\t\t<div class=\"elementor-widget-container\">\n\t\t\t\t\t\t\t<form class=\"elementor-login elementor-form\" method=\"post\" action=\"https:\/\/dedalos.ind.br\/wp-login.php\" aria-label=\"Login form\">\n\t\t\t<input type=\"hidden\" name=\"redirect_to\" value=\"https:\/\/dedalos.ind.br\/downloads\/\">\n\t\t\t<div class=\"elementor-form-fields-wrapper\">\n\t\t\t\t<div class=\"elementor-field-type-text elementor-field-group elementor-column elementor-col-100 elementor-field-required\">\n\t\t\t\t\t<label for=\"user-343ad2c\" class=\"elementor-field-label\">Nome de usu\u00e1rio ou email<\/label>\n\t\t\t\t\t<input size=\"1\" type=\"text\" name=\"log\" id=\"user-343ad2c\" placeholder=\"\" class=\"elementor-field elementor-field-textual elementor-size-sm\">\n\t\t\t\t<\/div>\n\t\t\t\t<div class=\"elementor-field-type-text elementor-field-group elementor-column elementor-col-100 elementor-field-required\">\n\t\t\t\t\t<label for=\"password-343ad2c\" class=\"elementor-field-label\">Senha<\/label>\n\t\t\t\t\t<input size=\"1\" type=\"password\" name=\"pwd\" id=\"password-343ad2c\" placeholder=\"\" class=\"elementor-field elementor-field-textual elementor-size-sm\">\n\t\t\t\t<\/div>\n\n\t\t\t\t\t\t\t\t\t<div class=\"elementor-field-type-checkbox elementor-field-group elementor-column elementor-col-100 elementor-remember-me\">\n\t\t\t\t\t\t<label for=\"elementor-login-remember-me\">\n\t\t\t\t\t\t\t<input type=\"checkbox\" id=\"elementor-login-remember-me\" name=\"rememberme\" value=\"forever\">\n\t\t\t\t\t\t\tRecu\u00e9rdame\t\t\t\t\t\t<\/label>\n\t\t\t\t\t<\/div>\n\t\t\t\t\n\t\t\t\t<div class=\"elementor-field-group elementor-column elementor-field-type-submit elementor-col-100\">\n\t\t\t\t\t<button type=\"submit\" class=\"elementor-size-sm elementor-button\" name=\"wp-submit\">\n\t\t\t\t\t\t\t\t\t\t\t\t\t\t\t<span class=\"elementor-button-text\">Entrar<\/span>\n\t\t\t\t\t\t\t\t\t\t\t\t<\/button>\n\t\t\t\t<\/div>\n\n\t\t\t\t\t\t\t<\/div>\n\t\t<\/form>\n\t\t\t\t\t\t<\/div>\n\t\t\t\t<\/div>\n\t\t\t\t<\/div>\n\t\t\t\t\t<\/div>\n\t\t\t\t<\/div>\n\t\t\t\t<\/div>","protected":false},"excerpt":{"rendered":"<p>downloads \u00c1REA RESTRITA Login Bem-vindo(a) Sair Clique no bot\u00e3o para acessar nossa \u00e1rea de downloads. ACESSAR \u00c1REA DE DOWNLOADS<\/p>","protected":false},"author":1,"featured_media":0,"parent":0,"menu_order":0,"comment_status":"closed","ping_status":"closed","template":"","meta":{"footnotes":""},"class_list":["post-2126","page","type-page","status-publish","hentry"],"_links":{"self":[{"href":"https:\/\/dedalos.ind.br\/es\/wp-json\/wp\/v2\/pages\/2126","targetHints":{"allow":["GET"]}}],"collection":[{"href":"https:\/\/dedalos.ind.br\/es\/wp-json\/wp\/v2\/pages"}],"about":[{"href":"https:\/\/dedalos.ind.br\/es\/wp-json\/wp\/v2\/types\/page"}],"author":[{"embeddable":true,"href":"https:\/\/dedalos.ind.br\/es\/wp-json\/wp\/v2\/users\/1"}],"replies":[{"embeddable":true,"href":"https:\/\/dedalos.ind.br\/es\/wp-json\/wp\/v2\/comments?post=2126"}],"version-history":[{"count":0,"href":"https:\/\/dedalos.ind.br\/es\/wp-json\/wp\/v2\/pages\/2126\/revisions"}],"wp:attachment":[{"href":"https:\/\/dedalos.ind.br\/es\/wp-json\/wp\/v2\/media?parent=2126"}],"curies":[{"name":"wp","href":"https:\/\/api.w.org\/{rel}","templated":true}]}}